{"id":7489,"date":"2026-02-08T22:40:52","date_gmt":"2026-02-08T22:40:52","guid":{"rendered":"https:\/\/miorakle.com\/?page_id=7489"},"modified":"2026-04-30T08:07:17","modified_gmt":"2026-04-30T08:07:17","slug":"tarochi","status":"publish","type":"page","link":"https:\/\/miorakle.com\/index.php\/tarochi\/","title":{"rendered":"Tarocchi"},"content":{"rendered":"\n<div class=\"wp-block-cover alignfull\"><img loading=\"lazy\" decoding=\"async\" width=\"600\" height=\"800\" class=\"wp-block-cover__image-background wp-image-7046 size-full\" alt=\"\" src=\"https:\/\/miorakle.com\/wp-content\/uploads\/2025\/08\/5836677787681933220.jpg\" style=\"object-position:53% 66%\" data-object-fit=\"cover\" data-object-position=\"53% 66%\" srcset=\"https:\/\/miorakle.com\/wp-content\/uploads\/2025\/08\/5836677787681933220.jpg 600w, https:\/\/miorakle.com\/wp-content\/uploads\/2025\/08\/5836677787681933220-225x300.jpg 225w\" sizes=\"auto, (max-width: 600px) 100vw, 600px\" \/><span aria-hidden=\"true\" class=\"wp-block-cover__background has-background-dim\" style=\"background-color:#6d7a86\"><\/span><div class=\"wp-block-cover__inner-container is-layout-flow wp-block-cover-is-layout-flow\">\n<p class=\"has-text-align-center has-large-font-size\"><\/p>\n<\/div><\/div>\n\n\n\n<div class=\"wp-block-group alignfull has-global-padding is-layout-constrained wp-block-group-is-layout-constrained\">\n<div class=\"wp-block-group has-global-padding is-layout-constrained wp-block-group-is-layout-constrained\"><\/div>\n<\/div>\n\n\n\n<div style=\"height:52px\" aria-hidden=\"true\" class=\"wp-block-spacer\"><\/div>\n\n\n\n<h2 class=\"wp-block-heading has-text-align-center has-secondary-color has-text-color has-link-color has-large-font-size wp-elements-e97657b5b48ae66f8857c5f125b5cfb8\">Incontro individuale e di gruppo<\/h2>\n\n\n\n<h2 class=\"wp-block-heading has-text-align-center has-x-large-font-size\">Tarocchi<\/h2>\n\n\n\n<div class=\"wp-block-group has-global-padding is-layout-constrained wp-block-group-is-layout-constrained\">\n<p>Attraverso le immagini, i simboli e le scene che contengono parlano direttamente al sentire, offrendo una chiave di lettura del tuo presente in senso evolutivo. Non servono per \u201cpredire\u201d in modo rigido, ma per illuminare ci\u00f2 che sta accadendo dentro e intorno a te, mostrando movimenti interiori, possibilit\u00e0, direzioni.<\/p>\n\n\n\n<p>Nel lavoro evolutivo con i Tarocchi l\u2019attenzione non \u00e8 sul destino, ma sulla coscienza.<br>Le carte diventano uno specchio: aiutano a riconoscere dinamiche interiori, portano chiarezza su ci\u00f2 che stai vivendo e permettono di vedere con pi\u00f9 lucidit\u00e0 le scelte, non per dirti cosa fare, ma per permetterti di sentire con pi\u00f9 profondit\u00e0 ci\u00f2 che \u00e8 vero per te.<\/p>\n\n\n\n<p>A volte i Tarocchi mostrano ci\u00f2 che gi\u00e0 sai ma non riesci ancora a vedere; altre volte aprono prospettive completamente nuove, mettendo in luce risorse, blocchi o passaggi che stanno maturando.<\/p>\n\n\n\n<p>Oltre alla lettura, i Tarocchi possono essere utilizzati anche in modo attivo: per accompagnare processi, attivare oggetti, creare simboli di intenzione o piccoli atti significativi. In questo modo diventano strumenti vivi, che continuano a lavorare nel tempo, non solo durante l\u2019incontro.<\/p>\n\n\n\n<p>Le letture con i Tarocchi possono svolgersi in incontri individuali oppure in spazi di gruppo online, mantenendo sempre uno sguardo personale e mirato sul momento presente.<br>La durata varia in base al lavoro: alcune letture possono essere di circa <strong>30 minuti<\/strong>, altre di <strong>45 minuti<\/strong>, fino a un <strong>massimo di un\u2019ora<\/strong>, quando il tema richiede pi\u00f9 spazio. la mente razionale e permettono di entrare in contatto con parti di s\u00e9 che spesso restano in silenzio.<\/p>\n<\/div>\n\n\n\n<div class=\"wp-block-buttons is-layout-flex wp-block-buttons-is-layout-flex\">\n<div class=\"wp-block-button\"><a class=\"wp-block-button__link wp-element-button\" href=\"https:\/\/miorakle.com\/index.php\/contact\/\">Contattami per saperne di pi\u00f9<\/a><\/div>\n<\/div>\n\n\n\n<div class=\"wp-block-group has-global-padding is-layout-constrained wp-block-group-is-layout-constrained\">\n<pre class=\"wp-block-verse has-text-align-center has-medium-font-size\"><br><br><\/pre>\n<\/div>\n\n\n  \n  \n  <div class=\"\n    mailpoet_form_popup_overlay\n      \"><\/div>\n  <div\n    id=\"mailpoet_form_2\"\n    class=\"\n      mailpoet_form\n      mailpoet_form_html\n      mailpoet_form_position_\n      mailpoet_form_animation_\n    \"\n      >\n\n    <style type=\"text\/css\">\n     #mailpoet_form_2 .mailpoet_form {  }\n#mailpoet_form_2 form { margin-bottom: 0; }\n#mailpoet_form_2 .mailpoet_column_with_background { padding: 0px; }\n#mailpoet_form_2 .wp-block-column:not(:first-child), #mailpoet_form_2 .mailpoet_form_column:not(:first-child) { padding: 0 20px; }\n#mailpoet_form_2 .mailpoet_form_column:not(:first-child) { margin-left: 0; }\n#mailpoet_form_2 h2.mailpoet-heading { margin: 0 0 20px 0; }\n#mailpoet_form_2 .mailpoet_paragraph { line-height: 20px; margin-bottom: 20px; }\n#mailpoet_form_2 .mailpoet_segment_label, #mailpoet_form_2 .mailpoet_text_label, #mailpoet_form_2 .mailpoet_textarea_label, #mailpoet_form_2 .mailpoet_select_label, #mailpoet_form_2 .mailpoet_radio_label, #mailpoet_form_2 .mailpoet_checkbox_label, #mailpoet_form_2 .mailpoet_list_label, #mailpoet_form_2 .mailpoet_date_label { display: block; font-weight: normal; }\n#mailpoet_form_2 .mailpoet_text, #mailpoet_form_2 .mailpoet_textarea, #mailpoet_form_2 .mailpoet_select, #mailpoet_form_2 .mailpoet_date_month, #mailpoet_form_2 .mailpoet_date_day, #mailpoet_form_2 .mailpoet_date_year, #mailpoet_form_2 .mailpoet_date { display: block; }\n#mailpoet_form_2 .mailpoet_text, #mailpoet_form_2 .mailpoet_textarea { width: 200px; }\n#mailpoet_form_2 .mailpoet_checkbox {  }\n#mailpoet_form_2 .mailpoet_submit {  }\n#mailpoet_form_2 .mailpoet_divider {  }\n#mailpoet_form_2 .mailpoet_message {  }\n#mailpoet_form_2 .mailpoet_form_loading { width: 30px; text-align: center; line-height: normal; }\n#mailpoet_form_2 .mailpoet_form_loading > span { width: 5px; height: 5px; background-color: #5b5b5b; }#mailpoet_form_2{border-radius: 4px;background: #ffffff;color: #1e1e1e;text-align: left;}#mailpoet_form_2 form.mailpoet_form {padding: 0px;}#mailpoet_form_2{width: 100%;}#mailpoet_form_2 .mailpoet_message {margin: 0; padding: 0 20px;}\n        #mailpoet_form_2 .mailpoet_validate_success {color: #00d084}\n        #mailpoet_form_2 input.parsley-success {color: #00d084}\n        #mailpoet_form_2 select.parsley-success {color: #00d084}\n        #mailpoet_form_2 textarea.parsley-success {color: #00d084}\n      \n        #mailpoet_form_2 .mailpoet_validate_error {color: #cf2e2e}\n        #mailpoet_form_2 input.parsley-error {color: #cf2e2e}\n        #mailpoet_form_2 select.parsley-error {color: #cf2e2e}\n        #mailpoet_form_2 textarea.textarea.parsley-error {color: #cf2e2e}\n        #mailpoet_form_2 .parsley-errors-list {color: #cf2e2e}\n        #mailpoet_form_2 .parsley-required {color: #cf2e2e}\n        #mailpoet_form_2 .parsley-custom-error-message {color: #cf2e2e}\n      #mailpoet_form_2 .mailpoet_paragraph.last {margin-bottom: 0} @media (max-width: 500px) {#mailpoet_form_2 {background: #ffffff;}} @media (min-width: 500px) {#mailpoet_form_2 .last .mailpoet_paragraph:last-child {margin-bottom: 0}}  @media (max-width: 500px) {#mailpoet_form_2 .mailpoet_form_column:last-child .mailpoet_paragraph:last-child {margin-bottom: 0}} \n    <\/style>\n\n    <form\n      target=\"_self\"\n      method=\"post\"\n      action=\"https:\/\/miorakle.com\/wp-admin\/admin-post.php?action=mailpoet_subscription_form\"\n      class=\"mailpoet_form mailpoet_form_form mailpoet_form_html\"\n      novalidate\n      data-delay=\"\"\n      data-exit-intent-enabled=\"\"\n      data-trigger-mode=\"\"\n      data-click-trigger-selector=\"\"\n      data-font-family=\"\"\n      data-cookie-expiration-time=\"\"\n    >\n      <input type=\"hidden\" name=\"data[form_id]\" value=\"2\" \/>\n      <input type=\"hidden\" name=\"token\" value=\"8f2659064e\" \/>\n      <input type=\"hidden\" name=\"api_version\" value=\"v1\" \/>\n      <input type=\"hidden\" name=\"endpoint\" value=\"subscribers\" \/>\n      <input type=\"hidden\" name=\"mailpoet_method\" value=\"subscribe\" \/>\n\n      <label class=\"mailpoet_hp_email_label\" style=\"display: none !important;\">Lascia questo campo vuoto<input type=\"email\" name=\"data[email]\"\/><\/label><div class='mailpoet_form_columns_container'><div class=\"mailpoet_form_columns mailpoet_paragraph mailpoet_stack_on_mobile\"><div class=\"mailpoet_form_column\" style=\"flex-basis:25%;\"><div class=\"mailpoet_form_image is-style-default\"><figure class=\"size-large\"><img decoding=\"async\" src=\"https:\/\/miorakle.com\/wp-content\/uploads\/2025\/08\/5836677787681933209-2-1024x1024.jpg\" alt class=\"wp-image-7049\" srcset=\"https:\/\/miorakle.com\/wp-content\/uploads\/2025\/08\/5836677787681933209-2-1024x1024.jpg 1024w, https:\/\/miorakle.com\/wp-content\/uploads\/2025\/08\/5836677787681933209-2-300x300.jpg 300w, https:\/\/miorakle.com\/wp-content\/uploads\/2025\/08\/5836677787681933209-2-150x150.jpg 150w, https:\/\/miorakle.com\/wp-content\/uploads\/2025\/08\/5836677787681933209-2.jpg 1080w\" width=99 height=0 style=\"width: 99px;height: 0px\"><\/figure><\/div>\n<\/div>\n<div class=\"mailpoet_form_column\" style=\"flex-basis:75%;\"><div class='mailpoet_spacer' style='height: 10px;'><\/div>\n<h2 class=\"mailpoet-heading  mailpoet-has-font-size\" style=\"text-align: center; font-size: 30px\"><span style=\"font-family: Nothing You Could Do\" data-font=\"Nothing You Could Do\" class=\"mailpoet-has-font\"><strong>Seguimi<\/strong><\/span>.<\/h2>\n<p class=\"mailpoet_form_paragraph  mailpoet-has-font-size\" style=\"text-align: center; font-size: 16px\"><span style=\"font-family: Karla\" data-font=\"Karla\" class=\"mailpoet-has-font\">Iscriviti alla newsletter per ricevere<\/span> gli articoli, le nuove creazioni e i prossimi eventi<\/p>\n<div class=\"mailpoet_paragraph \"><input type=\"text\" autocomplete=\"given-name\" class=\"mailpoet_text\" id=\"form_first_name_2\" name=\"data[form_field_OTY3ODUwODVhYTUzX2ZpcnN0X25hbWU=]\" title=\"Nome\" value=\"\" style=\"width:100%;box-sizing:border-box;padding:10px;margin: 0 auto 0 0;font-family:&#039;Karla&#039;;font-size:15px;line-height:1.5;height:auto;\" data-automation-id=\"form_first_name\"  placeholder=\"Nome\" aria-label=\"Nome\" data-parsley-errors-container=\".mailpoet_error_1i390\" data-parsley-names='[&quot;Specifica un nome valido.&quot;,&quot;Gli indirizzi nei nomi non sono ammessi: per favore, aggiungi il tuo nome.&quot;]'\/><span class=\"mailpoet_error_1i390\"><\/span><\/div>\n<div class=\"mailpoet_paragraph \"><input type=\"email\" autocomplete=\"email\" class=\"mailpoet_text\" id=\"form_email_2\" name=\"data[form_field_ZDMwMjE1NDQ2MmE0X2VtYWls]\" title=\"Indirizzo email\" value=\"\" style=\"width:100%;box-sizing:border-box;background-color:#faf6f1;border-style:solid;border-radius:5px !important;border-width:0px;border-color:#313131;padding:10px;margin: 0 auto 0 0;font-family:&#039;Karla&#039;;font-size:15px;line-height:1.5;height:auto;\" data-automation-id=\"form_email\"  placeholder=\"Indirizzo email *\" aria-label=\"Indirizzo email *\" data-parsley-errors-container=\".mailpoet_error_lo7aw\" data-parsley-required=\"true\" required aria-required=\"true\" data-parsley-minlength=\"6\" data-parsley-maxlength=\"150\" data-parsley-type-message=\"Questo valore dovrebbe essere un indirizzo email valido.\" data-parsley-required-message=\"Questo campo \u00e8 obbligatorio.\"\/><span class=\"mailpoet_error_lo7aw\"><\/span><\/div>\n<div class=\"mailpoet_recaptcha\" data-sitekey=\"6LfVmasrAAAAAPpv1Ud_gRCCKJ-3jikkYxlmbPTi\" >\n      <div class=\"mailpoet_recaptcha_container\"><\/div>\n      <noscript>\n        <div>\n          <div class=\"mailpoet_recaptcha_noscript_container\">\n            <div>\n              <iframe src=\"https:\/\/www.google.com\/recaptcha\/api\/fallback?k=6LfVmasrAAAAAPpv1Ud_gRCCKJ-3jikkYxlmbPTi\" frameborder=\"0\" scrolling=\"no\">\n              <\/iframe>\n            <\/div>\n          <\/div>\n          <div class=\"mailpoet_recaptcha_noscript_input\">\n            <textarea id=\"g-recaptcha-response\" name=\"data[recaptcha]\" class=\"g-recaptcha-response\">\n            <\/textarea>\n          <\/div>\n        <\/div>\n      <\/noscript>\n      <input class=\"mailpoet_recaptcha_field\" type=\"hidden\" name=\"recaptchaWidgetId\">\n    <\/div><div class=\"parsley-errors-list parsley-required mailpoet_error_recaptcha\">Questo campo \u00e8 obbligatorio.<\/div><div class=\"mailpoet_paragraph \"><input type=\"submit\" class=\"mailpoet_submit\" value=\"FACCIAMOLO!\" data-automation-id=\"subscribe-submit-button\" data-font-family='Karla' style=\"width:100%;box-sizing:border-box;background-color:#edd4b5;border-style:solid;border-radius:5px !important;border-width:0px;padding:10px;margin: 0 auto 0 0;font-family:&#039;Karla&#039;;font-size:15px;line-height:1.5;height:auto;color:#ffffff;border-color:transparent;font-weight:bold;\" \/><span class=\"mailpoet_form_loading\"><span class=\"mailpoet_bounce1\"><\/span><span class=\"mailpoet_bounce2\"><\/span><span class=\"mailpoet_bounce3\"><\/span><\/span><\/div>\n<p class=\"mailpoet_form_paragraph  mailpoet-has-font-size\" style=\"text-align: center; color: #1e1e1e; font-size: 13px\"><span style=\"font-family: Karla\" data-font=\"Karla\" class=\"mailpoet-has-font\">Non inviamo spam! Leggi la nostra <a target=\"_blank\" href=\"https:\/\/miorakle.com\/index.php\/privacy-policy\/\">Informativa sulla privacy<\/a> per avere maggiori informazioni.<\/span><\/p>\n<\/div>\n<\/div><\/div>\n\n      <div class=\"mailpoet_message\">\n        <p class=\"mailpoet_validate_success\"\n                style=\"display:none;\"\n                >Controlla la tua casella di posta o la cartella spam per confermare la tua iscrizione\n        <\/p>\n        <p class=\"mailpoet_validate_error\"\n                style=\"display:none;\"\n                >        <\/p>\n      <\/div>\n    <\/form>\n\n      <\/div>\n\n  \n\n\n<p><\/p>\n","protected":false},"excerpt":{"rendered":"<p>Incontro individuale e di gruppo Tarocchi Attraverso le immagini, i simboli e le scene che contengono parlano direttamente al sentire, offrendo una chiave di lettura del tuo presente in senso evolutivo. Non servono per \u201cpredire\u201d in modo rigido, ma per illuminare ci\u00f2 che sta accadendo dentro e intorno a te, mostrando movimenti interiori, possibilit\u00e0, direzioni. &hellip; <\/p>\n<p class=\"link-more\"><a href=\"https:\/\/miorakle.com\/index.php\/tarochi\/\" class=\"more-link\">Leggi tutto<span class=\"screen-reader-text\"> &#8220;Tarocchi&#8221;<\/span><\/a><\/p>\n","protected":false},"author":1,"featured_media":0,"parent":0,"menu_order":0,"comment_status":"closed","ping_status":"closed","template":"","meta":{"footnotes":""},"class_list":["post-7489","page","type-page","status-publish","hentry"],"yoast_head":"<!-- This site is optimized with the Yoast SEO plugin v27.6 - https:\/\/yoast.com\/product\/yoast-seo-wordpress\/ -->\n<title>Tarocchi - miOrakle<\/title>\n<meta name=\"robots\" content=\"index, follow, max-snippet:-1, max-image-preview:large, max-video-preview:-1\" \/>\n<link rel=\"canonical\" href=\"https:\/\/miorakle.com\/index.php\/tarochi\/\" \/>\n<meta property=\"og:locale\" content=\"it_IT\" \/>\n<meta property=\"og:type\" content=\"article\" \/>\n<meta property=\"og:title\" content=\"Tarocchi - miOrakle\" \/>\n<meta property=\"og:description\" content=\"Incontro individuale e di gruppo Tarocchi Attraverso le immagini, i simboli e le scene che contengono parlano direttamente al sentire, offrendo una chiave di lettura del tuo presente in senso evolutivo. Non servono per \u201cpredire\u201d in modo rigido, ma per illuminare ci\u00f2 che sta accadendo dentro e intorno a te, mostrando movimenti interiori, possibilit\u00e0, direzioni. &hellip; Leggi tutto &quot;Tarocchi&quot;\" \/>\n<meta property=\"og:url\" content=\"https:\/\/miorakle.com\/index.php\/tarochi\/\" \/>\n<meta property=\"og:site_name\" content=\"miOrakle\" \/>\n<meta property=\"article:modified_time\" content=\"2026-04-30T08:07:17+00:00\" \/>\n<meta property=\"og:image\" content=\"https:\/\/miorakle.com\/wp-content\/uploads\/2025\/08\/5836677787681933220.jpg\" \/>\n\t<meta property=\"og:image:width\" content=\"600\" \/>\n\t<meta property=\"og:image:height\" content=\"800\" \/>\n\t<meta property=\"og:image:type\" content=\"image\/jpeg\" \/>\n<meta name=\"twitter:card\" content=\"summary_large_image\" \/>\n<meta name=\"twitter:label1\" content=\"Tempo di lettura stimato\" \/>\n\t<meta name=\"twitter:data1\" content=\"2 minuti\" \/>\n<script type=\"application\/ld+json\" class=\"yoast-schema-graph\">{\"@context\":\"https:\\\/\\\/schema.org\",\"@graph\":[{\"@type\":\"WebPage\",\"@id\":\"https:\\\/\\\/miorakle.com\\\/index.php\\\/tarochi\\\/\",\"url\":\"https:\\\/\\\/miorakle.com\\\/index.php\\\/tarochi\\\/\",\"name\":\"Tarocchi - miOrakle\",\"isPartOf\":{\"@id\":\"https:\\\/\\\/miorakle.com\\\/#website\"},\"primaryImageOfPage\":{\"@id\":\"https:\\\/\\\/miorakle.com\\\/index.php\\\/tarochi\\\/#primaryimage\"},\"image\":{\"@id\":\"https:\\\/\\\/miorakle.com\\\/index.php\\\/tarochi\\\/#primaryimage\"},\"thumbnailUrl\":\"https:\\\/\\\/miorakle.com\\\/wp-content\\\/uploads\\\/2025\\\/08\\\/5836677787681933220.jpg\",\"datePublished\":\"2026-02-08T22:40:52+00:00\",\"dateModified\":\"2026-04-30T08:07:17+00:00\",\"breadcrumb\":{\"@id\":\"https:\\\/\\\/miorakle.com\\\/index.php\\\/tarochi\\\/#breadcrumb\"},\"inLanguage\":\"it-IT\",\"potentialAction\":[{\"@type\":\"ReadAction\",\"target\":[\"https:\\\/\\\/miorakle.com\\\/index.php\\\/tarochi\\\/\"]}]},{\"@type\":\"ImageObject\",\"inLanguage\":\"it-IT\",\"@id\":\"https:\\\/\\\/miorakle.com\\\/index.php\\\/tarochi\\\/#primaryimage\",\"url\":\"https:\\\/\\\/miorakle.com\\\/wp-content\\\/uploads\\\/2025\\\/08\\\/5836677787681933220.jpg\",\"contentUrl\":\"https:\\\/\\\/miorakle.com\\\/wp-content\\\/uploads\\\/2025\\\/08\\\/5836677787681933220.jpg\",\"width\":600,\"height\":800},{\"@type\":\"BreadcrumbList\",\"@id\":\"https:\\\/\\\/miorakle.com\\\/index.php\\\/tarochi\\\/#breadcrumb\",\"itemListElement\":[{\"@type\":\"ListItem\",\"position\":1,\"name\":\"Home\",\"item\":\"https:\\\/\\\/miorakle.com\\\/\"},{\"@type\":\"ListItem\",\"position\":2,\"name\":\"Tarocchi\"}]},{\"@type\":\"WebSite\",\"@id\":\"https:\\\/\\\/miorakle.com\\\/#website\",\"url\":\"https:\\\/\\\/miorakle.com\\\/\",\"name\":\"miOrakle\",\"description\":\"\",\"publisher\":{\"@id\":\"https:\\\/\\\/miorakle.com\\\/#\\\/schema\\\/person\\\/768599cca72702b98588f8761dff682c\"},\"potentialAction\":[{\"@type\":\"SearchAction\",\"target\":{\"@type\":\"EntryPoint\",\"urlTemplate\":\"https:\\\/\\\/miorakle.com\\\/?s={search_term_string}\"},\"query-input\":{\"@type\":\"PropertyValueSpecification\",\"valueRequired\":true,\"valueName\":\"search_term_string\"}}],\"inLanguage\":\"it-IT\"},{\"@type\":[\"Person\",\"Organization\"],\"@id\":\"https:\\\/\\\/miorakle.com\\\/#\\\/schema\\\/person\\\/768599cca72702b98588f8761dff682c\",\"name\":\"miOrakle\",\"image\":{\"@type\":\"ImageObject\",\"inLanguage\":\"it-IT\",\"@id\":\"https:\\\/\\\/miorakle.com\\\/wp-content\\\/uploads\\\/2025\\\/02\\\/edac43fa-97af-4b05-b673-af63a6cc9adf.png\",\"url\":\"https:\\\/\\\/miorakle.com\\\/wp-content\\\/uploads\\\/2025\\\/02\\\/edac43fa-97af-4b05-b673-af63a6cc9adf.png\",\"contentUrl\":\"https:\\\/\\\/miorakle.com\\\/wp-content\\\/uploads\\\/2025\\\/02\\\/edac43fa-97af-4b05-b673-af63a6cc9adf.png\",\"width\":150,\"height\":150,\"caption\":\"miOrakle\"},\"logo\":{\"@id\":\"https:\\\/\\\/miorakle.com\\\/wp-content\\\/uploads\\\/2025\\\/02\\\/edac43fa-97af-4b05-b673-af63a6cc9adf.png\"},\"sameAs\":[\"https:\\\/\\\/miorakle.com\",\"https:\\\/\\\/www.instagram.com\\\/miorakle\\\/\"]}]}<\/script>\n<!-- \/ Yoast SEO plugin. -->","yoast_head_json":{"title":"Tarocchi - miOrakle","robots":{"index":"index","follow":"follow","max-snippet":"max-snippet:-1","max-image-preview":"max-image-preview:large","max-video-preview":"max-video-preview:-1"},"canonical":"https:\/\/miorakle.com\/index.php\/tarochi\/","og_locale":"it_IT","og_type":"article","og_title":"Tarocchi - miOrakle","og_description":"Incontro individuale e di gruppo Tarocchi Attraverso le immagini, i simboli e le scene che contengono parlano direttamente al sentire, offrendo una chiave di lettura del tuo presente in senso evolutivo. Non servono per \u201cpredire\u201d in modo rigido, ma per illuminare ci\u00f2 che sta accadendo dentro e intorno a te, mostrando movimenti interiori, possibilit\u00e0, direzioni. &hellip; Leggi tutto \"Tarocchi\"","og_url":"https:\/\/miorakle.com\/index.php\/tarochi\/","og_site_name":"miOrakle","article_modified_time":"2026-04-30T08:07:17+00:00","og_image":[{"width":600,"height":800,"url":"https:\/\/miorakle.com\/wp-content\/uploads\/2025\/08\/5836677787681933220.jpg","type":"image\/jpeg"}],"twitter_card":"summary_large_image","twitter_misc":{"Tempo di lettura stimato":"2 minuti"},"schema":{"@context":"https:\/\/schema.org","@graph":[{"@type":"WebPage","@id":"https:\/\/miorakle.com\/index.php\/tarochi\/","url":"https:\/\/miorakle.com\/index.php\/tarochi\/","name":"Tarocchi - miOrakle","isPartOf":{"@id":"https:\/\/miorakle.com\/#website"},"primaryImageOfPage":{"@id":"https:\/\/miorakle.com\/index.php\/tarochi\/#primaryimage"},"image":{"@id":"https:\/\/miorakle.com\/index.php\/tarochi\/#primaryimage"},"thumbnailUrl":"https:\/\/miorakle.com\/wp-content\/uploads\/2025\/08\/5836677787681933220.jpg","datePublished":"2026-02-08T22:40:52+00:00","dateModified":"2026-04-30T08:07:17+00:00","breadcrumb":{"@id":"https:\/\/miorakle.com\/index.php\/tarochi\/#breadcrumb"},"inLanguage":"it-IT","potentialAction":[{"@type":"ReadAction","target":["https:\/\/miorakle.com\/index.php\/tarochi\/"]}]},{"@type":"ImageObject","inLanguage":"it-IT","@id":"https:\/\/miorakle.com\/index.php\/tarochi\/#primaryimage","url":"https:\/\/miorakle.com\/wp-content\/uploads\/2025\/08\/5836677787681933220.jpg","contentUrl":"https:\/\/miorakle.com\/wp-content\/uploads\/2025\/08\/5836677787681933220.jpg","width":600,"height":800},{"@type":"BreadcrumbList","@id":"https:\/\/miorakle.com\/index.php\/tarochi\/#breadcrumb","itemListElement":[{"@type":"ListItem","position":1,"name":"Home","item":"https:\/\/miorakle.com\/"},{"@type":"ListItem","position":2,"name":"Tarocchi"}]},{"@type":"WebSite","@id":"https:\/\/miorakle.com\/#website","url":"https:\/\/miorakle.com\/","name":"miOrakle","description":"","publisher":{"@id":"https:\/\/miorakle.com\/#\/schema\/person\/768599cca72702b98588f8761dff682c"},"potentialAction":[{"@type":"SearchAction","target":{"@type":"EntryPoint","urlTemplate":"https:\/\/miorakle.com\/?s={search_term_string}"},"query-input":{"@type":"PropertyValueSpecification","valueRequired":true,"valueName":"search_term_string"}}],"inLanguage":"it-IT"},{"@type":["Person","Organization"],"@id":"https:\/\/miorakle.com\/#\/schema\/person\/768599cca72702b98588f8761dff682c","name":"miOrakle","image":{"@type":"ImageObject","inLanguage":"it-IT","@id":"https:\/\/miorakle.com\/wp-content\/uploads\/2025\/02\/edac43fa-97af-4b05-b673-af63a6cc9adf.png","url":"https:\/\/miorakle.com\/wp-content\/uploads\/2025\/02\/edac43fa-97af-4b05-b673-af63a6cc9adf.png","contentUrl":"https:\/\/miorakle.com\/wp-content\/uploads\/2025\/02\/edac43fa-97af-4b05-b673-af63a6cc9adf.png","width":150,"height":150,"caption":"miOrakle"},"logo":{"@id":"https:\/\/miorakle.com\/wp-content\/uploads\/2025\/02\/edac43fa-97af-4b05-b673-af63a6cc9adf.png"},"sameAs":["https:\/\/miorakle.com","https:\/\/www.instagram.com\/miorakle\/"]}]}},"featured_media_urls":[],"_links":{"self":[{"href":"https:\/\/miorakle.com\/index.php\/wp-json\/wp\/v2\/pages\/7489","targetHints":{"allow":["GET"]}}],"collection":[{"href":"https:\/\/miorakle.com\/index.php\/wp-json\/wp\/v2\/pages"}],"about":[{"href":"https:\/\/miorakle.com\/index.php\/wp-json\/wp\/v2\/types\/page"}],"author":[{"embeddable":true,"href":"https:\/\/miorakle.com\/index.php\/wp-json\/wp\/v2\/users\/1"}],"replies":[{"embeddable":true,"href":"https:\/\/miorakle.com\/index.php\/wp-json\/wp\/v2\/comments?post=7489"}],"version-history":[{"count":2,"href":"https:\/\/miorakle.com\/index.php\/wp-json\/wp\/v2\/pages\/7489\/revisions"}],"predecessor-version":[{"id":7632,"href":"https:\/\/miorakle.com\/index.php\/wp-json\/wp\/v2\/pages\/7489\/revisions\/7632"}],"wp:attachment":[{"href":"https:\/\/miorakle.com\/index.php\/wp-json\/wp\/v2\/media?parent=7489"}],"curies":[{"name":"wp","href":"https:\/\/api.w.org\/{rel}","templated":true}]}}