{"id":7472,"date":"2026-02-08T21:34:08","date_gmt":"2026-02-08T21:34:08","guid":{"rendered":"https:\/\/miorakle.com\/?page_id=7472"},"modified":"2026-02-08T21:38:36","modified_gmt":"2026-02-08T21:38:36","slug":"7472-2","status":"publish","type":"page","link":"https:\/\/miorakle.com\/index.php\/7472-2\/","title":{"rendered":"Esperienza personalizzata"},"content":{"rendered":"\n<div class=\"wp-block-cover alignfull\"><img loading=\"lazy\" decoding=\"async\" width=\"773\" height=\"1280\" class=\"wp-block-cover__image-background wp-image-176 size-full\" alt=\"\" src=\"https:\/\/miorakle.com\/wp-content\/uploads\/2025\/08\/5832721916643887162.jpg\" style=\"object-position:45% 69%\" data-object-fit=\"cover\" data-object-position=\"45% 69%\" srcset=\"https:\/\/miorakle.com\/wp-content\/uploads\/2025\/08\/5832721916643887162.jpg 773w, https:\/\/miorakle.com\/wp-content\/uploads\/2025\/08\/5832721916643887162-181x300.jpg 181w, https:\/\/miorakle.com\/wp-content\/uploads\/2025\/08\/5832721916643887162-618x1024.jpg 618w, https:\/\/miorakle.com\/wp-content\/uploads\/2025\/08\/5832721916643887162-600x994.jpg 600w\" sizes=\"auto, (max-width: 773px) 100vw, 773px\" \/><span aria-hidden=\"true\" class=\"wp-block-cover__background has-background-dim\" style=\"background-color:#626a5f\"><\/span><div class=\"wp-block-cover__inner-container is-layout-flow wp-block-cover-is-layout-flow\">\n<p class=\"has-text-align-center has-large-font-size\"><\/p>\n<\/div><\/div>\n\n\n\n<div class=\"wp-block-group alignfull has-global-padding is-layout-constrained wp-block-group-is-layout-constrained\">\n<div class=\"wp-block-group has-global-padding is-layout-constrained wp-block-group-is-layout-constrained\"><\/div>\n<\/div>\n\n\n\n<div style=\"height:52px\" aria-hidden=\"true\" class=\"wp-block-spacer\"><\/div>\n\n\n\n<h2 class=\"wp-block-heading has-text-align-center has-secondary-color has-text-color has-link-color has-large-font-size wp-elements-70d37b97cefc4d6e5f8001a401c8df51\">Sessione individuale<\/h2>\n\n\n\n<h2 class=\"wp-block-heading has-text-align-center has-x-large-font-size\">Esperienza personalizzata<\/h2>\n\n\n\n<div class=\"wp-block-group has-global-padding is-layout-constrained wp-block-group-is-layout-constrained\">\n<p>Ogni incontro con me \u00e8 un\u2019esperienza personalizzata, costruita in base a chi sei e a ci\u00f2 che stai attraversando in questo momento. I primi appuntamenti possono essere semplicemente spazi di ascolto, senza fretta, per capire insieme dove sei e cosa si muove dentro e intorno a te.<\/p>\n\n\n\n<p>La vita cambia continuamente: ci sono fasi di apertura, di espansione, e altre di chiusura o di passaggio. Lo spazio per te nasce proprio per permetterti di muoverti dentro questi flussi con pi\u00f9 chiarezza e presenza.<\/p>\n\n\n\n<p>Durante gli incontri possiamo utilizzare, in base a ci\u00f2 che emerge, diversi strumenti: astrologia, rune, tarocchi, lettura dei simboli e della realt\u00e0, lavoro sui sogni, meditazioni, arte, rituali personalizzati, creazioni e talismani. Ogni esperienza prende forma nel momento, non \u00e8 mai uguale a un\u2019altra.<\/p>\n\n\n\n<p>Le esperienze personalizzate online hanno una durata di circa un\u2019ora, massimo un\u2019ora e quindici minuti. Dal vivo, invece, il tempo pu\u00f2 ampliarsi in base a ci\u00f2 di cui hai bisogno e l\u2019incontro pu\u00f2 anche durare mezza giornata, previo accordi telefonici o un breve colloquio online.<\/p>\n\n\n\n<p>Gli incontri possono avvenire online, al chiuso oppure all\u2019aperto, in natura, cos\u00ec che tu possa accedervi nel modo pi\u00f9 adatto a te. Se desideri informazioni o vuoi capire quale modalit\u00e0 \u00e8 pi\u00f9 adatta a te, puoi scrivermi senza impegno.<\/p>\n\n\n\n<p><\/p>\n<\/div>\n\n\n\n<div class=\"wp-block-buttons is-layout-flex wp-block-buttons-is-layout-flex\">\n<div class=\"wp-block-button\"><a class=\"wp-block-button__link wp-element-button\" href=\"https:\/\/miorakle.com\/index.php\/contact\/\">Contattami per saperne di pi\u00f9<\/a><\/div>\n<\/div>\n\n\n\n<div class=\"wp-block-group has-global-padding is-layout-constrained wp-block-group-is-layout-constrained\">\n<pre class=\"wp-block-verse has-text-align-center has-medium-font-size\"><br><br><\/pre>\n<\/div>\n\n\n  \n  \n  <div class=\"\n    mailpoet_form_popup_overlay\n      \"><\/div>\n  <div\n    id=\"mailpoet_form_2\"\n    class=\"\n      mailpoet_form\n      mailpoet_form_html\n      mailpoet_form_position_\n      mailpoet_form_animation_\n    \"\n      >\n\n    <style type=\"text\/css\">\n     #mailpoet_form_2 .mailpoet_form {  }\n#mailpoet_form_2 form { margin-bottom: 0; }\n#mailpoet_form_2 .mailpoet_column_with_background { padding: 0px; }\n#mailpoet_form_2 .wp-block-column:not(:first-child), #mailpoet_form_2 .mailpoet_form_column:not(:first-child) { padding: 0 20px; }\n#mailpoet_form_2 .mailpoet_form_column:not(:first-child) { margin-left: 0; }\n#mailpoet_form_2 h2.mailpoet-heading { margin: 0 0 20px 0; }\n#mailpoet_form_2 .mailpoet_paragraph { line-height: 20px; margin-bottom: 20px; }\n#mailpoet_form_2 .mailpoet_segment_label, #mailpoet_form_2 .mailpoet_text_label, #mailpoet_form_2 .mailpoet_textarea_label, #mailpoet_form_2 .mailpoet_select_label, #mailpoet_form_2 .mailpoet_radio_label, #mailpoet_form_2 .mailpoet_checkbox_label, #mailpoet_form_2 .mailpoet_list_label, #mailpoet_form_2 .mailpoet_date_label { display: block; font-weight: normal; }\n#mailpoet_form_2 .mailpoet_text, #mailpoet_form_2 .mailpoet_textarea, #mailpoet_form_2 .mailpoet_select, #mailpoet_form_2 .mailpoet_date_month, #mailpoet_form_2 .mailpoet_date_day, #mailpoet_form_2 .mailpoet_date_year, #mailpoet_form_2 .mailpoet_date { display: block; }\n#mailpoet_form_2 .mailpoet_text, #mailpoet_form_2 .mailpoet_textarea { width: 200px; }\n#mailpoet_form_2 .mailpoet_checkbox {  }\n#mailpoet_form_2 .mailpoet_submit {  }\n#mailpoet_form_2 .mailpoet_divider {  }\n#mailpoet_form_2 .mailpoet_message {  }\n#mailpoet_form_2 .mailpoet_form_loading { width: 30px; text-align: center; line-height: normal; }\n#mailpoet_form_2 .mailpoet_form_loading > span { width: 5px; height: 5px; background-color: #5b5b5b; }#mailpoet_form_2{border-radius: 4px;background: #ffffff;color: #1e1e1e;text-align: left;}#mailpoet_form_2 form.mailpoet_form {padding: 0px;}#mailpoet_form_2{width: 100%;}#mailpoet_form_2 .mailpoet_message {margin: 0; padding: 0 20px;}\n        #mailpoet_form_2 .mailpoet_validate_success {color: #00d084}\n        #mailpoet_form_2 input.parsley-success {color: #00d084}\n        #mailpoet_form_2 select.parsley-success {color: #00d084}\n        #mailpoet_form_2 textarea.parsley-success {color: #00d084}\n      \n        #mailpoet_form_2 .mailpoet_validate_error {color: #cf2e2e}\n        #mailpoet_form_2 input.parsley-error {color: #cf2e2e}\n        #mailpoet_form_2 select.parsley-error {color: #cf2e2e}\n        #mailpoet_form_2 textarea.textarea.parsley-error {color: #cf2e2e}\n        #mailpoet_form_2 .parsley-errors-list {color: #cf2e2e}\n        #mailpoet_form_2 .parsley-required {color: #cf2e2e}\n        #mailpoet_form_2 .parsley-custom-error-message {color: #cf2e2e}\n      #mailpoet_form_2 .mailpoet_paragraph.last {margin-bottom: 0} @media (max-width: 500px) {#mailpoet_form_2 {background: #ffffff;}} @media (min-width: 500px) {#mailpoet_form_2 .last .mailpoet_paragraph:last-child {margin-bottom: 0}}  @media (max-width: 500px) {#mailpoet_form_2 .mailpoet_form_column:last-child .mailpoet_paragraph:last-child {margin-bottom: 0}} \n    <\/style>\n\n    <form\n      target=\"_self\"\n      method=\"post\"\n      action=\"https:\/\/miorakle.com\/wp-admin\/admin-post.php?action=mailpoet_subscription_form\"\n      class=\"mailpoet_form mailpoet_form_form mailpoet_form_html\"\n      novalidate\n      data-delay=\"\"\n      data-exit-intent-enabled=\"\"\n      data-trigger-mode=\"\"\n      data-click-trigger-selector=\"\"\n      data-font-family=\"\"\n      data-cookie-expiration-time=\"\"\n    >\n      <input type=\"hidden\" name=\"data[form_id]\" value=\"2\" \/>\n      <input type=\"hidden\" name=\"token\" value=\"8f2659064e\" \/>\n      <input type=\"hidden\" name=\"api_version\" value=\"v1\" \/>\n      <input type=\"hidden\" name=\"endpoint\" value=\"subscribers\" \/>\n      <input type=\"hidden\" name=\"mailpoet_method\" value=\"subscribe\" \/>\n\n      <label class=\"mailpoet_hp_email_label\" style=\"display: none !important;\">Lascia questo campo vuoto<input type=\"email\" name=\"data[email]\"\/><\/label><div class='mailpoet_form_columns_container'><div class=\"mailpoet_form_columns mailpoet_paragraph mailpoet_stack_on_mobile\"><div class=\"mailpoet_form_column\" style=\"flex-basis:25%;\"><div class=\"mailpoet_form_image is-style-default\"><figure class=\"size-large\"><img decoding=\"async\" src=\"https:\/\/miorakle.com\/wp-content\/uploads\/2025\/08\/5836677787681933209-2-1024x1024.jpg\" alt class=\"wp-image-7049\" srcset=\"https:\/\/miorakle.com\/wp-content\/uploads\/2025\/08\/5836677787681933209-2-1024x1024.jpg 1024w, https:\/\/miorakle.com\/wp-content\/uploads\/2025\/08\/5836677787681933209-2-300x300.jpg 300w, https:\/\/miorakle.com\/wp-content\/uploads\/2025\/08\/5836677787681933209-2-150x150.jpg 150w, https:\/\/miorakle.com\/wp-content\/uploads\/2025\/08\/5836677787681933209-2.jpg 1080w\" width=99 height=0 style=\"width: 99px;height: 0px\"><\/figure><\/div>\n<\/div>\n<div class=\"mailpoet_form_column\" style=\"flex-basis:75%;\"><div class='mailpoet_spacer' style='height: 10px;'><\/div>\n<h2 class=\"mailpoet-heading  mailpoet-has-font-size\" style=\"text-align: center; font-size: 30px\"><span style=\"font-family: Nothing You Could Do\" data-font=\"Nothing You Could Do\" class=\"mailpoet-has-font\"><strong>Seguimi<\/strong><\/span>.<\/h2>\n<p class=\"mailpoet_form_paragraph  mailpoet-has-font-size\" style=\"text-align: center; font-size: 16px\"><span style=\"font-family: Karla\" data-font=\"Karla\" class=\"mailpoet-has-font\">Iscriviti alla newsletter per ricevere<\/span> gli articoli, le nuove creazioni e i prossimi eventi<\/p>\n<div class=\"mailpoet_paragraph \"><input type=\"text\" autocomplete=\"given-name\" class=\"mailpoet_text\" id=\"form_first_name_2\" name=\"data[form_field_OTY3ODUwODVhYTUzX2ZpcnN0X25hbWU=]\" title=\"Nome\" value=\"\" style=\"width:100%;box-sizing:border-box;padding:10px;margin: 0 auto 0 0;font-family:&#039;Karla&#039;;font-size:15px;line-height:1.5;height:auto;\" data-automation-id=\"form_first_name\"  placeholder=\"Nome\" aria-label=\"Nome\" data-parsley-errors-container=\".mailpoet_error_158c1\" data-parsley-names='[&quot;Specifica un nome valido.&quot;,&quot;Gli indirizzi nei nomi non sono ammessi: per favore, aggiungi il tuo nome.&quot;]'\/><span class=\"mailpoet_error_158c1\"><\/span><\/div>\n<div class=\"mailpoet_paragraph \"><input type=\"email\" autocomplete=\"email\" class=\"mailpoet_text\" id=\"form_email_2\" name=\"data[form_field_ZDMwMjE1NDQ2MmE0X2VtYWls]\" title=\"Indirizzo email\" value=\"\" style=\"width:100%;box-sizing:border-box;background-color:#faf6f1;border-style:solid;border-radius:5px !important;border-width:0px;border-color:#313131;padding:10px;margin: 0 auto 0 0;font-family:&#039;Karla&#039;;font-size:15px;line-height:1.5;height:auto;\" data-automation-id=\"form_email\"  placeholder=\"Indirizzo email *\" aria-label=\"Indirizzo email *\" data-parsley-errors-container=\".mailpoet_error_1pohz\" data-parsley-required=\"true\" required aria-required=\"true\" data-parsley-minlength=\"6\" data-parsley-maxlength=\"150\" data-parsley-type-message=\"Questo valore dovrebbe essere un indirizzo email valido.\" data-parsley-required-message=\"Questo campo \u00e8 obbligatorio.\"\/><span class=\"mailpoet_error_1pohz\"><\/span><\/div>\n<div class=\"mailpoet_recaptcha\" data-sitekey=\"6LfVmasrAAAAAPpv1Ud_gRCCKJ-3jikkYxlmbPTi\" >\n      <div class=\"mailpoet_recaptcha_container\"><\/div>\n      <noscript>\n        <div>\n          <div class=\"mailpoet_recaptcha_noscript_container\">\n            <div>\n              <iframe src=\"https:\/\/www.google.com\/recaptcha\/api\/fallback?k=6LfVmasrAAAAAPpv1Ud_gRCCKJ-3jikkYxlmbPTi\" frameborder=\"0\" scrolling=\"no\">\n              <\/iframe>\n            <\/div>\n          <\/div>\n          <div class=\"mailpoet_recaptcha_noscript_input\">\n            <textarea id=\"g-recaptcha-response\" name=\"data[recaptcha]\" class=\"g-recaptcha-response\">\n            <\/textarea>\n          <\/div>\n        <\/div>\n      <\/noscript>\n      <input class=\"mailpoet_recaptcha_field\" type=\"hidden\" name=\"recaptchaWidgetId\">\n    <\/div><div class=\"parsley-errors-list parsley-required mailpoet_error_recaptcha\">Questo campo \u00e8 obbligatorio.<\/div><div class=\"mailpoet_paragraph \"><input type=\"submit\" class=\"mailpoet_submit\" value=\"FACCIAMOLO!\" data-automation-id=\"subscribe-submit-button\" data-font-family='Karla' style=\"width:100%;box-sizing:border-box;background-color:#edd4b5;border-style:solid;border-radius:5px !important;border-width:0px;padding:10px;margin: 0 auto 0 0;font-family:&#039;Karla&#039;;font-size:15px;line-height:1.5;height:auto;color:#ffffff;border-color:transparent;font-weight:bold;\" \/><span class=\"mailpoet_form_loading\"><span class=\"mailpoet_bounce1\"><\/span><span class=\"mailpoet_bounce2\"><\/span><span class=\"mailpoet_bounce3\"><\/span><\/span><\/div>\n<p class=\"mailpoet_form_paragraph  mailpoet-has-font-size\" style=\"text-align: center; color: #1e1e1e; font-size: 13px\"><span style=\"font-family: Karla\" data-font=\"Karla\" class=\"mailpoet-has-font\">Non inviamo spam! Leggi la nostra <a target=\"_blank\" href=\"https:\/\/miorakle.com\/index.php\/privacy-policy\/\">Informativa sulla privacy<\/a> per avere maggiori informazioni.<\/span><\/p>\n<\/div>\n<\/div><\/div>\n\n      <div class=\"mailpoet_message\">\n        <p class=\"mailpoet_validate_success\"\n                style=\"display:none;\"\n                >Controlla la tua casella di posta o la cartella spam per confermare la tua iscrizione\n        <\/p>\n        <p class=\"mailpoet_validate_error\"\n                style=\"display:none;\"\n                >        <\/p>\n      <\/div>\n    <\/form>\n\n      <\/div>\n\n  \n\n\n<p><\/p>\n","protected":false},"excerpt":{"rendered":"<p>Sessione individuale Esperienza personalizzata Ogni incontro con me \u00e8 un\u2019esperienza personalizzata, costruita in base a chi sei e a ci\u00f2 che stai attraversando in questo momento. I primi appuntamenti possono essere semplicemente spazi di ascolto, senza fretta, per capire insieme dove sei e cosa si muove dentro e intorno a te. La vita cambia continuamente: &hellip; <\/p>\n<p class=\"link-more\"><a href=\"https:\/\/miorakle.com\/index.php\/7472-2\/\" class=\"more-link\">Leggi tutto<span class=\"screen-reader-text\"> &#8220;Esperienza personalizzata&#8221;<\/span><\/a><\/p>\n","protected":false},"author":1,"featured_media":0,"parent":0,"menu_order":0,"comment_status":"closed","ping_status":"closed","template":"","meta":{"footnotes":""},"class_list":["post-7472","page","type-page","status-publish","hentry"],"yoast_head":"<!-- This site is optimized with the Yoast SEO plugin v27.6 - https:\/\/yoast.com\/product\/yoast-seo-wordpress\/ -->\n<title>Esperienza personalizzata - miOrakle<\/title>\n<meta name=\"robots\" content=\"index, follow, max-snippet:-1, max-image-preview:large, max-video-preview:-1\" \/>\n<link rel=\"canonical\" href=\"https:\/\/miorakle.com\/index.php\/7472-2\/\" \/>\n<meta property=\"og:locale\" content=\"it_IT\" \/>\n<meta property=\"og:type\" content=\"article\" \/>\n<meta property=\"og:title\" content=\"Esperienza personalizzata - miOrakle\" \/>\n<meta property=\"og:description\" content=\"Sessione individuale Esperienza personalizzata Ogni incontro con me \u00e8 un\u2019esperienza personalizzata, costruita in base a chi sei e a ci\u00f2 che stai attraversando in questo momento. I primi appuntamenti possono essere semplicemente spazi di ascolto, senza fretta, per capire insieme dove sei e cosa si muove dentro e intorno a te. La vita cambia continuamente: &hellip; Leggi tutto &quot;Esperienza personalizzata&quot;\" \/>\n<meta property=\"og:url\" content=\"https:\/\/miorakle.com\/index.php\/7472-2\/\" \/>\n<meta property=\"og:site_name\" content=\"miOrakle\" \/>\n<meta property=\"article:modified_time\" content=\"2026-02-08T21:38:36+00:00\" \/>\n<meta property=\"og:image\" content=\"https:\/\/miorakle.com\/wp-content\/uploads\/2025\/08\/5832721916643887162.jpg\" \/>\n\t<meta property=\"og:image:width\" content=\"773\" \/>\n\t<meta property=\"og:image:height\" content=\"1280\" \/>\n\t<meta property=\"og:image:type\" content=\"image\/jpeg\" \/>\n<meta name=\"twitter:card\" content=\"summary_large_image\" \/>\n<meta name=\"twitter:label1\" content=\"Tempo di lettura stimato\" \/>\n\t<meta name=\"twitter:data1\" content=\"2 minuti\" \/>\n<script type=\"application\/ld+json\" class=\"yoast-schema-graph\">{\"@context\":\"https:\\\/\\\/schema.org\",\"@graph\":[{\"@type\":\"WebPage\",\"@id\":\"https:\\\/\\\/miorakle.com\\\/index.php\\\/7472-2\\\/\",\"url\":\"https:\\\/\\\/miorakle.com\\\/index.php\\\/7472-2\\\/\",\"name\":\"Esperienza personalizzata - miOrakle\",\"isPartOf\":{\"@id\":\"https:\\\/\\\/miorakle.com\\\/#website\"},\"primaryImageOfPage\":{\"@id\":\"https:\\\/\\\/miorakle.com\\\/index.php\\\/7472-2\\\/#primaryimage\"},\"image\":{\"@id\":\"https:\\\/\\\/miorakle.com\\\/index.php\\\/7472-2\\\/#primaryimage\"},\"thumbnailUrl\":\"https:\\\/\\\/miorakle.com\\\/wp-content\\\/uploads\\\/2025\\\/08\\\/5832721916643887162.jpg\",\"datePublished\":\"2026-02-08T21:34:08+00:00\",\"dateModified\":\"2026-02-08T21:38:36+00:00\",\"breadcrumb\":{\"@id\":\"https:\\\/\\\/miorakle.com\\\/index.php\\\/7472-2\\\/#breadcrumb\"},\"inLanguage\":\"it-IT\",\"potentialAction\":[{\"@type\":\"ReadAction\",\"target\":[\"https:\\\/\\\/miorakle.com\\\/index.php\\\/7472-2\\\/\"]}]},{\"@type\":\"ImageObject\",\"inLanguage\":\"it-IT\",\"@id\":\"https:\\\/\\\/miorakle.com\\\/index.php\\\/7472-2\\\/#primaryimage\",\"url\":\"https:\\\/\\\/miorakle.com\\\/wp-content\\\/uploads\\\/2025\\\/08\\\/5832721916643887162.jpg\",\"contentUrl\":\"https:\\\/\\\/miorakle.com\\\/wp-content\\\/uploads\\\/2025\\\/08\\\/5832721916643887162.jpg\",\"width\":773,\"height\":1280},{\"@type\":\"BreadcrumbList\",\"@id\":\"https:\\\/\\\/miorakle.com\\\/index.php\\\/7472-2\\\/#breadcrumb\",\"itemListElement\":[{\"@type\":\"ListItem\",\"position\":1,\"name\":\"Home\",\"item\":\"https:\\\/\\\/miorakle.com\\\/\"},{\"@type\":\"ListItem\",\"position\":2,\"name\":\"Esperienza personalizzata\"}]},{\"@type\":\"WebSite\",\"@id\":\"https:\\\/\\\/miorakle.com\\\/#website\",\"url\":\"https:\\\/\\\/miorakle.com\\\/\",\"name\":\"miOrakle\",\"description\":\"\",\"publisher\":{\"@id\":\"https:\\\/\\\/miorakle.com\\\/#\\\/schema\\\/person\\\/768599cca72702b98588f8761dff682c\"},\"potentialAction\":[{\"@type\":\"SearchAction\",\"target\":{\"@type\":\"EntryPoint\",\"urlTemplate\":\"https:\\\/\\\/miorakle.com\\\/?s={search_term_string}\"},\"query-input\":{\"@type\":\"PropertyValueSpecification\",\"valueRequired\":true,\"valueName\":\"search_term_string\"}}],\"inLanguage\":\"it-IT\"},{\"@type\":[\"Person\",\"Organization\"],\"@id\":\"https:\\\/\\\/miorakle.com\\\/#\\\/schema\\\/person\\\/768599cca72702b98588f8761dff682c\",\"name\":\"miOrakle\",\"image\":{\"@type\":\"ImageObject\",\"inLanguage\":\"it-IT\",\"@id\":\"https:\\\/\\\/miorakle.com\\\/wp-content\\\/uploads\\\/2025\\\/02\\\/edac43fa-97af-4b05-b673-af63a6cc9adf.png\",\"url\":\"https:\\\/\\\/miorakle.com\\\/wp-content\\\/uploads\\\/2025\\\/02\\\/edac43fa-97af-4b05-b673-af63a6cc9adf.png\",\"contentUrl\":\"https:\\\/\\\/miorakle.com\\\/wp-content\\\/uploads\\\/2025\\\/02\\\/edac43fa-97af-4b05-b673-af63a6cc9adf.png\",\"width\":150,\"height\":150,\"caption\":\"miOrakle\"},\"logo\":{\"@id\":\"https:\\\/\\\/miorakle.com\\\/wp-content\\\/uploads\\\/2025\\\/02\\\/edac43fa-97af-4b05-b673-af63a6cc9adf.png\"},\"sameAs\":[\"https:\\\/\\\/miorakle.com\",\"https:\\\/\\\/www.instagram.com\\\/miorakle\\\/\"]}]}<\/script>\n<!-- \/ Yoast SEO plugin. -->","yoast_head_json":{"title":"Esperienza personalizzata - miOrakle","robots":{"index":"index","follow":"follow","max-snippet":"max-snippet:-1","max-image-preview":"max-image-preview:large","max-video-preview":"max-video-preview:-1"},"canonical":"https:\/\/miorakle.com\/index.php\/7472-2\/","og_locale":"it_IT","og_type":"article","og_title":"Esperienza personalizzata - miOrakle","og_description":"Sessione individuale Esperienza personalizzata Ogni incontro con me \u00e8 un\u2019esperienza personalizzata, costruita in base a chi sei e a ci\u00f2 che stai attraversando in questo momento. I primi appuntamenti possono essere semplicemente spazi di ascolto, senza fretta, per capire insieme dove sei e cosa si muove dentro e intorno a te. La vita cambia continuamente: &hellip; Leggi tutto \"Esperienza personalizzata\"","og_url":"https:\/\/miorakle.com\/index.php\/7472-2\/","og_site_name":"miOrakle","article_modified_time":"2026-02-08T21:38:36+00:00","og_image":[{"width":773,"height":1280,"url":"https:\/\/miorakle.com\/wp-content\/uploads\/2025\/08\/5832721916643887162.jpg","type":"image\/jpeg"}],"twitter_card":"summary_large_image","twitter_misc":{"Tempo di lettura stimato":"2 minuti"},"schema":{"@context":"https:\/\/schema.org","@graph":[{"@type":"WebPage","@id":"https:\/\/miorakle.com\/index.php\/7472-2\/","url":"https:\/\/miorakle.com\/index.php\/7472-2\/","name":"Esperienza personalizzata - miOrakle","isPartOf":{"@id":"https:\/\/miorakle.com\/#website"},"primaryImageOfPage":{"@id":"https:\/\/miorakle.com\/index.php\/7472-2\/#primaryimage"},"image":{"@id":"https:\/\/miorakle.com\/index.php\/7472-2\/#primaryimage"},"thumbnailUrl":"https:\/\/miorakle.com\/wp-content\/uploads\/2025\/08\/5832721916643887162.jpg","datePublished":"2026-02-08T21:34:08+00:00","dateModified":"2026-02-08T21:38:36+00:00","breadcrumb":{"@id":"https:\/\/miorakle.com\/index.php\/7472-2\/#breadcrumb"},"inLanguage":"it-IT","potentialAction":[{"@type":"ReadAction","target":["https:\/\/miorakle.com\/index.php\/7472-2\/"]}]},{"@type":"ImageObject","inLanguage":"it-IT","@id":"https:\/\/miorakle.com\/index.php\/7472-2\/#primaryimage","url":"https:\/\/miorakle.com\/wp-content\/uploads\/2025\/08\/5832721916643887162.jpg","contentUrl":"https:\/\/miorakle.com\/wp-content\/uploads\/2025\/08\/5832721916643887162.jpg","width":773,"height":1280},{"@type":"BreadcrumbList","@id":"https:\/\/miorakle.com\/index.php\/7472-2\/#breadcrumb","itemListElement":[{"@type":"ListItem","position":1,"name":"Home","item":"https:\/\/miorakle.com\/"},{"@type":"ListItem","position":2,"name":"Esperienza personalizzata"}]},{"@type":"WebSite","@id":"https:\/\/miorakle.com\/#website","url":"https:\/\/miorakle.com\/","name":"miOrakle","description":"","publisher":{"@id":"https:\/\/miorakle.com\/#\/schema\/person\/768599cca72702b98588f8761dff682c"},"potentialAction":[{"@type":"SearchAction","target":{"@type":"EntryPoint","urlTemplate":"https:\/\/miorakle.com\/?s={search_term_string}"},"query-input":{"@type":"PropertyValueSpecification","valueRequired":true,"valueName":"search_term_string"}}],"inLanguage":"it-IT"},{"@type":["Person","Organization"],"@id":"https:\/\/miorakle.com\/#\/schema\/person\/768599cca72702b98588f8761dff682c","name":"miOrakle","image":{"@type":"ImageObject","inLanguage":"it-IT","@id":"https:\/\/miorakle.com\/wp-content\/uploads\/2025\/02\/edac43fa-97af-4b05-b673-af63a6cc9adf.png","url":"https:\/\/miorakle.com\/wp-content\/uploads\/2025\/02\/edac43fa-97af-4b05-b673-af63a6cc9adf.png","contentUrl":"https:\/\/miorakle.com\/wp-content\/uploads\/2025\/02\/edac43fa-97af-4b05-b673-af63a6cc9adf.png","width":150,"height":150,"caption":"miOrakle"},"logo":{"@id":"https:\/\/miorakle.com\/wp-content\/uploads\/2025\/02\/edac43fa-97af-4b05-b673-af63a6cc9adf.png"},"sameAs":["https:\/\/miorakle.com","https:\/\/www.instagram.com\/miorakle\/"]}]}},"featured_media_urls":[],"_links":{"self":[{"href":"https:\/\/miorakle.com\/index.php\/wp-json\/wp\/v2\/pages\/7472","targetHints":{"allow":["GET"]}}],"collection":[{"href":"https:\/\/miorakle.com\/index.php\/wp-json\/wp\/v2\/pages"}],"about":[{"href":"https:\/\/miorakle.com\/index.php\/wp-json\/wp\/v2\/types\/page"}],"author":[{"embeddable":true,"href":"https:\/\/miorakle.com\/index.php\/wp-json\/wp\/v2\/users\/1"}],"replies":[{"embeddable":true,"href":"https:\/\/miorakle.com\/index.php\/wp-json\/wp\/v2\/comments?post=7472"}],"version-history":[{"count":2,"href":"https:\/\/miorakle.com\/index.php\/wp-json\/wp\/v2\/pages\/7472\/revisions"}],"predecessor-version":[{"id":7475,"href":"https:\/\/miorakle.com\/index.php\/wp-json\/wp\/v2\/pages\/7472\/revisions\/7475"}],"wp:attachment":[{"href":"https:\/\/miorakle.com\/index.php\/wp-json\/wp\/v2\/media?parent=7472"}],"curies":[{"name":"wp","href":"https:\/\/api.w.org\/{rel}","templated":true}]}}